{"id":8179,"date":"2023-03-28T14:26:11","date_gmt":"2023-03-28T12:26:11","guid":{"rendered":"https:\/\/casapalaciegaelcuartel.com\/?page_id=8179"},"modified":"2023-03-28T14:27:41","modified_gmt":"2023-03-28T12:27:41","slug":"nubemedia","status":"publish","type":"page","link":"https:\/\/casapalaciegaelcuartel.com\/en\/nubemedia\/","title":{"rendered":"Nubemedia"},"content":{"rendered":"\r\n<h1 class=\"has-text-align-center wp-block-heading\" style=\"text-align: center;\">Nubemedia<\/h1>\r\n\r\n\r\n\r\n<h2 class=\"has-black-color has-text-color wp-block-heading\">La agencia<\/h2>\r\n\r\n\r\n\r\n<p><strong><a href=\"http:\/\/nubemedia.com\" target=\"_blank\" rel=\"noreferrer noopener\">Nubemedia<\/a><\/strong> es una empresa de Marketing Digital fundada con la finalidad de potenciar la comunicaci\u00f3n digital a todo tipo de usuarios.<\/p>\r\n\r\n\r\n\r\n<p>Operan para toda Espa\u00f1a y puedes conocerles en persona, en la calle Recaredo n\u00ba6 de la ciudad de Madrid.<\/p>\r\n\r\n\r\n\r\n<h2 class=\"has-black-color has-text-color wp-block-heading\">\u00bfPor qu\u00e9 confiar en Nubemedia?<\/h2>\r\n\r\n\r\n\r\n<ul class=\"wp-block-list\">\r\n<li><strong>Iniciativa<\/strong>: Les entusiasma proponer apuestas locas y heterodoxas, sin dejar de tener en cuenta las apuestas seguras.<\/li>\r\n\r\n\r\n\r\n<li><strong>Saber hacer<\/strong>: Les avalan m\u00e1s de d\u00e9cada y media de existencia y centenares de usuarios satisfechos.<\/li>\r\n\r\n\r\n\r\n<li><strong>Eficacia<\/strong>: Son especialistas en conseguir lo m\u00e1s complicado de la manera m\u00e1s eficaz.<\/li>\r\n\r\n\r\n\r\n<li><strong>Innovaci\u00f3n<\/strong>: Ponen al d\u00eda su forma de trabajar y herramientas permanentemente.<\/li>\r\n\r\n\r\n\r\n<li><strong>Familiaridad<\/strong>: Evitan los tecnicismos para que as\u00ed entiendas tu inversi\u00f3n.<\/li>\r\n\r\n\r\n\r\n<li><strong>Feedback<\/strong>: Intercomunicaci\u00f3n transparente, cercana y constante para que dispongas de informaci\u00f3n puesta al d\u00eda de tu inversi\u00f3n en la Web.<\/li>\r\n\r\n\r\n\r\n<li><strong><em>Responsives<\/em><\/strong>: No se empe\u00f1an en estrategias firmes, les gusta estar abiertos a las circunstancias concretas de tu empresa.<\/li>\r\n\r\n\r\n\r\n<li><strong>Personal<\/strong>: Un conjunto de profesionales del Marketing, comunicaci\u00f3n y dise\u00f1o online que te dar\u00e1n la seguridad de que tu empresa est\u00e1 bien gestionada.<\/li>\r\n<\/ul>\r\n\r\n\r\n\r\n<h2 class=\"has-black-color has-text-color wp-block-heading\">Servicios<\/h2>\r\n\r\n\r\n\r\n<h3 class=\"wp-block-heading\">Posicionamiento web SEO<\/h3>\r\n\r\n\r\n\r\n<p>\u00a1Mejora tu presencia en Internet en Google con el posicionamiento web S.E.O.!<\/p>\r\n\r\n\r\n\r\n<p>Empleando una adecuada planificaci\u00f3n SEO (Search Engine Optimization) on page y off-page, tu p\u00e1gina web subir\u00e1 posiciones en los motores de b\u00fasqueda y ganar\u00e1 presencia de forma org\u00e1nica.<\/p>\r\n\r\n\r\n\r\n<p>En <strong>Nubemedia <\/strong>conf\u00edan en Inbound Marketing para ganar, convertir y fidelizar clientes.<\/p>\r\n\r\n\r\n\r\n<p>D\u00e9jate asesorar y delega el posicionamiento SEO a su oficina de marketing digital en la ciudad de Madrid.<\/p>\r\n\r\n\r\n\r\n<h3 class=\"wp-block-heading\">Posicionamiento SEM<\/h3>\r\n\r\n\r\n\r\n<p>Como empresa de marketing en Internet, tambi\u00e9n trabajan el posicionamiento web SEM (Search Engine Marketing), una modalidad que les permite captar leads de una forma r\u00e1pida a trav\u00e9s de operaciones en Google Ads.<\/p>\r\n\r\n\r\n\r\n<p>Sus profesionales en posicionar v\u00eda S.E.M. te aconsejan sobre las planificaciones m\u00e1s apropiadas a ejecutar seg\u00fan tu sector, inversi\u00f3n y objetivos: campa\u00f1as de b\u00fasqueda, publicidad de display, shopping, remarketing audiovisual&#8230;<\/p>\r\n\r\n\r\n\r\n<p>\u00a1D\u00e9jate guiar por su equipo!<\/p>\r\n\r\n\r\n\r\n<h3 class=\"wp-block-heading\">Social media<\/h3>\r\n\r\n\r\n\r\n<p>A trav\u00e9s de una estrategia de medios sociales, los Community Managers de <strong>Nubemedia <\/strong>administrar\u00e1n las redes sociales de tu empresa para expandir la comunidad, potenciar tu marca, ofrecer servicios de atenci\u00f3n al cliente y lograr leads.<\/p>\r\n\r\n\r\n\r\n<p>Adem\u00e1s, en su empresa de marketing en Internet son expertos en la gesti\u00f3n de planificaciones publicitarias en Social Media rentabilizando siempre al m\u00e1ximo lo invertido.<\/p>\r\n\r\n\r\n\r\n<p>\u00a1Ponte en contacto con ellos y descubre el potencial de las redes sociales!<\/p>\r\n\r\n\r\n\r\n<h3 class=\"wp-block-heading\">E-mail marketing<\/h3>\r\n\r\n\r\n\r\n<p>El email marketing les posibilita contactar de modo directo y raudo con la clientela y resto de usuarios con el objeto de aumentar las ventas, visitas o la transmisi\u00f3n de mensajes.<\/p>\r\n\r\n\r\n\r\n<p>En su oficina de marketing en Internet localizada en Madrid crean, mandan, analizan y perfeccionan tus campa\u00f1as de newsletters a trav\u00e9s de estrategias de captaci\u00f3n, cultivo y ventas alineadas a un calendario de marketing interno.<\/p>\r\n\r\n\r\n\r\n<p>\u00a1Incrementa ya mismo el rendimiento de tus correos-e!<\/p>\r\n\r\n\r\n\r\n<h3 class=\"wp-block-heading\">Creaci\u00f3n de im\u00e1genes corporativas<\/h3>\r\n\r\n\r\n\r\n<p>La identidad de tu compa\u00f1\u00eda, negocio o producci\u00f3n se forja en en la primera impresi\u00f3n a trav\u00e9s del logo.<\/p>\r\n\r\n\r\n\r\n<p>En <strong>Nubemedia<\/strong>, especialistas en el dise\u00f1o de logotipos para empresas, conocen la magnitud de seleccionar el m\u00e1s atractivo y f\u00e1cil de recordar y acometen todo trabajo de dise\u00f1o a trav\u00e9s de un desarrollo de trabajo competente y meticuloso.<\/p>\r\n\r\n\r\n\r\n<p>En su taller de dise\u00f1o gr\u00e1fico te proporcionar\u00e1n una imagen particular y diferenciada para triunfar.<\/p>\r\n\r\n\r\n\r\n<h3 class=\"wp-block-heading\">Creaci\u00f3n gr\u00e1fica<\/h3>\r\n\r\n\r\n\r\n<p>Una imagen profesional es requisito indispensable para posicionar tu marca como un referente en la mente de los compradores y clientes.<\/p>\r\n\r\n\r\n\r\n<p>En su taller de dise\u00f1adores gr\u00e1ficos, desarrollar\u00e1n cualquier programa, ya sea sin conexi\u00f3n a Internet como en la Red que tu marca requiere, siguiendo siempre una congruencia y armon\u00eda est\u00e9ticas en los distintos entornos.<\/p>\r\n\r\n\r\n\r\n<p>Dise\u00f1o para papeler\u00eda , dise\u00f1o para utilidades publicitarias, para utilidades de m\u00f3viles y PC&#8217;s, para d\u00edpticos, tr\u00edpticos y flyers, dise\u00f1os de carteler\u00eda o para r\u00f3tulos, etc.<\/p>\r\n\r\n\r\n\r\n<h3 class=\"wp-block-heading\">Dise\u00f1os y desarrollo de p\u00e1ginas web<\/h3>\r\n\r\n\r\n\r\n<p>Dise\u00f1an sitios web llamativos y a la vez \u00fatiles.<\/p>\r\n\r\n\r\n\r\n<p>No sirve de nada tener una p\u00e1gina de dise\u00f1o gr\u00e1fico que no est\u00e9 orientada a posicionar y a obtener ventas online o demandas v\u00eda formularios.<\/p>\r\n\r\n\r\n\r\n<p>Por esta raz\u00f3n, en NubeMedia.com dise\u00f1an webs que cumplen los criterios de SEO On Page y de UE.<\/p>\r\n\r\n\r\n\r\n<p>Adem\u00e1s, cuando se publica la p\u00e1gina web, podr\u00e1s multiplicar tu visibilidad y comercio mediante una planificaci\u00f3n de marketing digital creada por los profesionales de <strong>Nubemedia<\/strong>.<\/p>\r\n\r\n\r\n\r\n<h3 class=\"wp-block-heading\">Dise\u00f1os editoriales<\/h3>\r\n\r\n\r\n\r\n<p>Dise\u00f1an publicaciones en papel en diversos materiales y formatos: folletos , reportes, ediciones mensuales, peri\u00f3dicos, magazines&#8230;<\/p>\r\n\r\n\r\n\r\n<p>En definitiva, cualquier publicaci\u00f3n tanto impresa como digital que tu negocio demande.<\/p>\r\n\r\n\r\n\r\n<p>\u00a1Y continuamente considerando incluso el \u00faltimo detalle!<\/p>\r\n\r\n\r\n\r\n<h3 class=\"wp-block-heading\">Servicio de marketing digital completo<\/h3>\r\n\r\n\r\n\r\n<p>El servicio de marketing online global nace para proporcionar un servicio integral a aquellas empresas que deseen delegar todo el marketing online a <strong>Nubemedia<\/strong>.<\/p>\r\n\r\n\r\n\r\n<p>Incluye el trazado del plan de marketing online y el desarrollo mensual de las acciones que se precisan para llevarla a cabo en los \u00e1mbitos de: posicionamiento web SEM, posicionamiento web S.E.O., Social Media y marketing por correo electr\u00f3nico y otros.<\/p>\r\n\r\n\r\n\r\n<p>\u00a1Un paquete de un mes incluyendo todo!<\/p>\r\n\r\n\r\n\r\n<h3 class=\"wp-block-heading\">Examen de marketing en Internet<\/h3>\r\n\r\n\r\n\r\n<p>Consiste en un exhaustivo examen de las estrategias y actividades que tu empresa realiza en el campo del marketing digital con el objetivo de detectar \u00e1reas de mejora a implementar.<\/p>\r\n\r\n\r\n\r\n<p>Descubrir qu\u00e9 actuaciones funcionan y cu\u00e1les no es esencial para optimizar y elevar la rentabilidad de tu inversi\u00f3n.<\/p>\r\n\r\n\r\n\r\n<p>Apuesta por su empresa de marketing en Internet en Madrid y conoce qu\u00e9 labores hay que perfeccionar.<\/p>\r\n\r\n\r\n\r\n<h3 class=\"wp-block-heading\">Estrategia de marketing en Internet<\/h3>\r\n\r\n\r\n\r\n<p>En el plan de marketing online se definen las acciones a realizar para lograr las metas en las diferentes plataformas en red.<\/p>\r\n\r\n\r\n\r\n<p>Se trata de la creaci\u00f3n de un calendario para determinar las actuaciones y objetivos en los campos del marketing digital: posicionamiento web SEO y SEM, email marketing y medios sociales.<\/p>\r\n\r\n\r\n\r\n<p>La estrategia de marketing digital es imprescindible para optimizar los recursos y hacer crecer de forma eficaz tu firma en los distintos soportes digitales.<\/p>\r\n\r\n\r\n\r\n<p>Deposita tu confianza en su empresa de marketing digital en Madrid y amortiza al m\u00e1ximo lo invertido.<\/p>\r\n","protected":false},"excerpt":{"rendered":"<p>Nubemedia La agencia Nubemedia es una empresa de Marketing Digital [&hellip;]<\/p>\n","protected":false},"author":1,"featured_media":0,"parent":0,"menu_order":0,"comment_status":"closed","ping_status":"closed","template":"","meta":{"footnotes":""},"class_list":["post-8179","page","type-page","status-publish","hentry"],"yoast_head":"<!-- This site is optimized with the Yoast SEO plugin v25.8 - https:\/\/yoast.com\/wordpress\/plugins\/seo\/ -->\n<title>Nubemedia - El Cuartel Casa Palaciega \u00b7 Hotel en Medinaceli \u00b7 Web Oficia<\/title>\n<meta name=\"robots\" content=\"noindex, follow\" \/>\n<meta property=\"og:locale\" content=\"en_US\" \/>\n<meta property=\"og:type\" content=\"article\" \/>\n<meta property=\"og:title\" content=\"Nubemedia - El Cuartel Casa Palaciega \u00b7 Hotel en Medinaceli \u00b7 Web Oficia\" \/>\n<meta property=\"og:description\" content=\"Nubemedia La agencia Nubemedia es una empresa de Marketing Digital [&hellip;]\" \/>\n<meta property=\"og:url\" content=\"https:\/\/casapalaciegaelcuartel.com\/nubemedia\/\" \/>\n<meta property=\"og:site_name\" content=\"El Cuartel Casa Palaciega \u00b7 Hotel en Medinaceli \u00b7 Web Oficia\" \/>\n<meta property=\"article:publisher\" content=\"https:\/\/www.facebook.com\/Hostemplo\/\" \/>\n<meta property=\"article:modified_time\" content=\"2023-03-28T12:27:41+00:00\" \/>\n<meta name=\"twitter:card\" content=\"summary_large_image\" \/>\n<meta name=\"twitter:site\" content=\"@hostemplo\" \/>\n<meta name=\"twitter:label1\" content=\"Est. reading time\" \/>\n\t<meta name=\"twitter:data1\" content=\"5 minutes\" \/>\n<script type=\"application\/ld+json\" class=\"yoast-schema-graph\">{\"@context\":\"https:\/\/schema.org\",\"@graph\":[{\"@type\":\"WebPage\",\"@id\":\"https:\/\/casapalaciegaelcuartel.com\/nubemedia\/\",\"url\":\"https:\/\/casapalaciegaelcuartel.com\/nubemedia\/\",\"name\":\"Nubemedia - El Cuartel Casa Palaciega \u00b7 Hotel en Medinaceli \u00b7 Web Oficia\",\"isPartOf\":{\"@id\":\"https:\/\/casapalaciegaelcuartel.com\/#website\"},\"datePublished\":\"2023-03-28T12:26:11+00:00\",\"dateModified\":\"2023-03-28T12:27:41+00:00\",\"breadcrumb\":{\"@id\":\"https:\/\/casapalaciegaelcuartel.com\/nubemedia\/#breadcrumb\"},\"inLanguage\":\"en-US\",\"potentialAction\":[{\"@type\":\"ReadAction\",\"target\":[\"https:\/\/casapalaciegaelcuartel.com\/nubemedia\/\"]}]},{\"@type\":\"BreadcrumbList\",\"@id\":\"https:\/\/casapalaciegaelcuartel.com\/nubemedia\/#breadcrumb\",\"itemListElement\":[{\"@type\":\"ListItem\",\"position\":1,\"name\":\"Portada\",\"item\":\"https:\/\/casapalaciegaelcuartel.com\/en\/\"},{\"@type\":\"ListItem\",\"position\":2,\"name\":\"Nubemedia\"}]},{\"@type\":\"WebSite\",\"@id\":\"https:\/\/casapalaciegaelcuartel.com\/#website\",\"url\":\"https:\/\/casapalaciegaelcuartel.com\/\",\"name\":\"El Cuartel Casa Palaciega \u00b7 Hotel en Medinaceli \u00b7 Web Oficia\",\"description\":\"El Cuartel Casa Palaciega \u00b7 Hotel en Medinaceli \u00b7 Web Oficia\",\"potentialAction\":[{\"@type\":\"SearchAction\",\"target\":{\"@type\":\"EntryPoint\",\"urlTemplate\":\"https:\/\/casapalaciegaelcuartel.com\/?s={search_term_string}\"},\"query-input\":{\"@type\":\"PropertyValueSpecification\",\"valueRequired\":true,\"valueName\":\"search_term_string\"}}],\"inLanguage\":\"en-US\"}]}<\/script>\n<!-- \/ Yoast SEO plugin. -->","yoast_head_json":{"title":"Nubemedia - El Cuartel Casa Palaciega \u00b7 Hotel en Medinaceli \u00b7 Web Oficia","robots":{"index":"noindex","follow":"follow"},"og_locale":"en_US","og_type":"article","og_title":"Nubemedia - El Cuartel Casa Palaciega \u00b7 Hotel en Medinaceli \u00b7 Web Oficia","og_description":"Nubemedia La agencia Nubemedia es una empresa de Marketing Digital [&hellip;]","og_url":"https:\/\/casapalaciegaelcuartel.com\/nubemedia\/","og_site_name":"El Cuartel Casa Palaciega \u00b7 Hotel en Medinaceli \u00b7 Web Oficia","article_publisher":"https:\/\/www.facebook.com\/Hostemplo\/","article_modified_time":"2023-03-28T12:27:41+00:00","twitter_card":"summary_large_image","twitter_site":"@hostemplo","twitter_misc":{"Est. reading time":"5 minutes"},"schema":{"@context":"https:\/\/schema.org","@graph":[{"@type":"WebPage","@id":"https:\/\/casapalaciegaelcuartel.com\/nubemedia\/","url":"https:\/\/casapalaciegaelcuartel.com\/nubemedia\/","name":"Nubemedia - El Cuartel Casa Palaciega \u00b7 Hotel en Medinaceli \u00b7 Web Oficia","isPartOf":{"@id":"https:\/\/casapalaciegaelcuartel.com\/#website"},"datePublished":"2023-03-28T12:26:11+00:00","dateModified":"2023-03-28T12:27:41+00:00","breadcrumb":{"@id":"https:\/\/casapalaciegaelcuartel.com\/nubemedia\/#breadcrumb"},"inLanguage":"en-US","potentialAction":[{"@type":"ReadAction","target":["https:\/\/casapalaciegaelcuartel.com\/nubemedia\/"]}]},{"@type":"BreadcrumbList","@id":"https:\/\/casapalaciegaelcuartel.com\/nubemedia\/#breadcrumb","itemListElement":[{"@type":"ListItem","position":1,"name":"Portada","item":"https:\/\/casapalaciegaelcuartel.com\/en\/"},{"@type":"ListItem","position":2,"name":"Nubemedia"}]},{"@type":"WebSite","@id":"https:\/\/casapalaciegaelcuartel.com\/#website","url":"https:\/\/casapalaciegaelcuartel.com\/","name":"El Cuartel Casa Palaciega \u00b7 Hotel en Medinaceli \u00b7 Web Oficia","description":"El Cuartel Casa Palaciega \u00b7 Hotel en Medinaceli \u00b7 Web Oficia","potentialAction":[{"@type":"SearchAction","target":{"@type":"EntryPoint","urlTemplate":"https:\/\/casapalaciegaelcuartel.com\/?s={search_term_string}"},"query-input":{"@type":"PropertyValueSpecification","valueRequired":true,"valueName":"search_term_string"}}],"inLanguage":"en-US"}]}},"_links":{"self":[{"href":"https:\/\/casapalaciegaelcuartel.com\/en\/wp-json\/wp\/v2\/pages\/8179","targetHints":{"allow":["GET"]}}],"collection":[{"href":"https:\/\/casapalaciegaelcuartel.com\/en\/wp-json\/wp\/v2\/pages"}],"about":[{"href":"https:\/\/casapalaciegaelcuartel.com\/en\/wp-json\/wp\/v2\/types\/page"}],"author":[{"embeddable":true,"href":"https:\/\/casapalaciegaelcuartel.com\/en\/wp-json\/wp\/v2\/users\/1"}],"replies":[{"embeddable":true,"href":"https:\/\/casapalaciegaelcuartel.com\/en\/wp-json\/wp\/v2\/comments?post=8179"}],"version-history":[{"count":2,"href":"https:\/\/casapalaciegaelcuartel.com\/en\/wp-json\/wp\/v2\/pages\/8179\/revisions"}],"predecessor-version":[{"id":8181,"href":"https:\/\/casapalaciegaelcuartel.com\/en\/wp-json\/wp\/v2\/pages\/8179\/revisions\/8181"}],"wp:attachment":[{"href":"https:\/\/casapalaciegaelcuartel.com\/en\/wp-json\/wp\/v2\/media?parent=8179"}],"curies":[{"name":"wp","href":"https:\/\/api.w.org\/{rel}","templated":true}]}}